 {"id":64,"date":"2021-05-31T18:40:55","date_gmt":"2021-05-31T18:40:55","guid":{"rendered":"https:\/\/scienzaalimentazione.uniroma2.it\/?page_id=64"},"modified":"2024-12-10T14:20:54","modified_gmt":"2024-12-10T14:20:54","slug":"regolamento-didattico","status":"publish","type":"page","link":"https:\/\/scienzaalimentazione.uniroma2.it\/?page_id=64","title":{"rendered":"Ordinamento Didattico e Obiettivi formativi"},"content":{"rendered":"\n<p><strong> <span class=\"has-inline-color has-black-color\">SCUOLA SPECIALIZZAZIONE IN SCIENZA DELL&#8217; ALIMENTAZIONE<\/span><\/strong> <strong><mark style=\"background-color:rgba(0, 0, 0, 0)\" class=\"has-inline-color has-black-color\">INDIRIZZO NON MEDICO<\/mark><\/strong><br> Rif. <a href=\"http:\/\/scienzaalimentazione.uniroma2.it\/wp-content\/uploads\/2024\/12\/di_716.pdf\">Decreto n. 716 del 2016 Scuole di Specializzazione area sanitaria, indirizzo non medico<\/a> e <a href=\"http:\/\/scienzaalimentazione.uniroma2.it\/wp-content\/uploads\/2024\/12\/ordinament_ss.pdf\">Allegato Attivit\u00e0 Formative<\/a><\/p>\n\n\n<div class=\"wp-block-image\">\n<figure class=\"alignright size-large is-resized\"><img loading=\"lazy\" decoding=\"async\" width=\"734\" height=\"413\" src=\"http:\/\/scienzaalimentazione.uniroma2.it\/wp-content\/uploads\/2021\/06\/med-chir-6-2.jpg\" alt=\"\" class=\"wp-image-114\" style=\"width:-80px;height:-45px\" srcset=\"https:\/\/scienzaalimentazione.uniroma2.it\/wp-content\/uploads\/2021\/06\/med-chir-6-2.jpg 734w, https:\/\/scienzaalimentazione.uniroma2.it\/wp-content\/uploads\/2021\/06\/med-chir-6-2-300x169.jpg 300w\" sizes=\"auto, (max-width: 734px) 100vw, 734px\" \/><\/figure>\n<\/div>\n\n\n<p class=\"has-text-align-left\">Lo specialista in Scienza dell\u2019alimentazione deve maturare conoscenze teoriche, scientifiche e professionali nel campo dell&#8217;alimentazione e nutrizione, composizione e propriet\u00e0 strutturali e &#8220;funzionali&#8221; degli alimenti, metodi di analisi dei principali componenti alimentari, valutazione della qualit\u00e0 igienica e nutrizionale degli alimenti, identificazione delle malattie trasmesse con gli alimenti e conoscenza della legislazione relativa. Deve inoltre conoscere la definizione dei bisogni in energia e nutrienti per il singolo individuo, per la popolazione e per gruppi vulnerabili, il ruolo dell&#8217;alimentazione bilanciata, equilibrata e ottimale, valutando lo stato di nutrizione e dei fabbisogni per il singolo individuo sano e per la popolazione nelle varie fasce di et\u00e0; effettuare indagini sui consumi alimentari dell&#8217;individuo e della popolazione; conoscere l&#8217;organizzazione dei servizi di sorveglianza nutrizionale e di ristorazione collettiva, le procedure di valutazione e collaudo dei processi produttivi alimentari relativamente agli aspetti biologici (certificazione di qualit\u00e0) e controllo dei punti critici (sistema HACCP), nonch\u00e9 l\u2019organizzazione dei servizi riguardanti l&#8217;alimentazione, la nutrizione umana e la sicurezza alimentare delle collettivit\u00e0 e della popolazione; seguendo i protocolli di qualit\u00e0 relativi alle attivit\u00e0 di controllo, gestione e coordinamento nell&#8217;ambito della filiera agro-alimentare, allo scopo di garantire la sicurezza, la qualit\u00e0 e la salubrit\u00e0 degli alimenti, avendo una specifica conoscenza della componente nutrizionale e nutraceutica degli alimenti. Di particolare importanza  \u00e8 l&#8217;attivit\u00e0 svolta dallo specialista in Scienza dell&#8217;Alimentazione nella sicurezza alimentare e tutela della salute dei consumatori; sorveglianza e prevenzione nutrizionale; salute animale e igiene urbana veterinaria.<br>Sono ambiti di competenza per lo specialista in Scienza dell&#8217;Alimentazione: la sicurezza alimentare delle collettivit\u00e0  e della popolazione; il controllo di merci alimentari; la valutazione della composizione ed i metodi  di analisi dei principali componenti degli alimenti e delle acque, l&#8217;analisi sensoriale degli alimenti, la valutazione delle caratteristiche nutrizionali degli alimenti e delle loro modificazioni indotte dai processi tecnologici e biotecnologici, la qualit\u00e0 chimica, fisica degli alimenti; le procedure e il sistema di certificazione per le produzioni biologiche; l&#8217;analisi della biodisponibilit\u00e0 dei nutrienti e delle interazioni tra nutrienti e farmaci; conoscenza del diritto agroalimentare; conoscenze sulle procedure e sistemi di certificazione degli alimenti dietetici, degli alimenti funzionali e dei prodotti nutraceutici; conoscenze avanzate e di impatto applicativo in ambito nutrizionale, in campo analitico ed economico.<\/p>\n\n\n\n<p><\/p>\n","protected":false},"excerpt":{"rendered":"<p>SCUOLA SPECIALIZZAZIONE IN SCIENZA DELL&#8217; ALIMENTAZIONE INDIRIZZO NON MEDICO Rif. Decreto n. 716 del 2016 Scuole di Specializzazione area sanitaria, indirizzo non medico e Allegato Attivit\u00e0 Formative Lo specialista in Scienza dell\u2019alimentazione deve maturare conoscenze teoriche, scientifiche e professionali nel<\/p>\n","protected":false},"author":1,"featured_media":0,"parent":36,"menu_order":0,"comment_status":"closed","ping_status":"closed","template":"","meta":{"footnotes":""},"class_list":["post-64","page","type-page","status-publish","hentry"],"_links":{"self":[{"href":"https:\/\/scienzaalimentazione.uniroma2.it\/index.php?rest_route=\/wp\/v2\/pages\/64","targetHints":{"allow":["GET"]}}],"collection":[{"href":"https:\/\/scienzaalimentazione.uniroma2.it\/index.php?rest_route=\/wp\/v2\/pages"}],"about":[{"href":"https:\/\/scienzaalimentazione.uniroma2.it\/index.php?rest_route=\/wp\/v2\/types\/page"}],"author":[{"embeddable":true,"href":"https:\/\/scienzaalimentazione.uniroma2.it\/index.php?rest_route=\/wp\/v2\/users\/1"}],"replies":[{"embeddable":true,"href":"https:\/\/scienzaalimentazione.uniroma2.it\/index.php?rest_route=%2Fwp%2Fv2%2Fcomments&post=64"}],"version-history":[{"count":19,"href":"https:\/\/scienzaalimentazione.uniroma2.it\/index.php?rest_route=\/wp\/v2\/pages\/64\/revisions"}],"predecessor-version":[{"id":1349,"href":"https:\/\/scienzaalimentazione.uniroma2.it\/index.php?rest_route=\/wp\/v2\/pages\/64\/revisions\/1349"}],"up":[{"embeddable":true,"href":"https:\/\/scienzaalimentazione.uniroma2.it\/index.php?rest_route=\/wp\/v2\/pages\/36"}],"wp:attachment":[{"href":"https:\/\/scienzaalimentazione.uniroma2.it\/index.php?rest_route=%2Fwp%2Fv2%2Fmedia&parent=64"}],"curies":[{"name":"wp","href":"https:\/\/api.w.org\/{rel}","templated":true}]}}