 {"id":489,"date":"2022-01-19T15:01:21","date_gmt":"2022-01-19T15:01:21","guid":{"rendered":"https:\/\/scienzaalimentazione.uniroma2.it\/?page_id=489"},"modified":"2022-12-02T10:45:47","modified_gmt":"2022-12-02T10:45:47","slug":"psiconeuroendocrinoimmunologia","status":"publish","type":"page","link":"https:\/\/scienzaalimentazione.uniroma2.it\/?page_id=489","title":{"rendered":"Psico-neuro-endocrino immunologia (PNEI)"},"content":{"rendered":"\n<p>Master Universitario di I livello in Psiconeuroendocrinoimmunologia in prevenzione e nutrizione A.A. 2022\/2023 &#8211; Durata 1 anno &#8211; 60 CFU [<a href=\"http:\/\/scienzaalimentazione.uniroma2.it\/wp-content\/uploads\/2022\/12\/Locandina-Master-PNEI-2.png\">Scarica Locandina Master<\/a>]<\/p>\n\n\n\n<p><strong>Coordinatore:<br><\/strong>Prof.ssa Laura Di Renzo<br>tel.:&nbsp;<a href=\"tel:+390672596654\">+39 06 7259 6855<\/a><br>e-mail:&nbsp;<a href=\"mailto:paola.sinibaldi@uniroma2.it\"><\/a><a href=\"mailto:laura.di.renzo@uniroma2.it\">laura.di.renzo@uniroma2.it<\/a><\/p>\n\n\n\n<p class=\"has-text-align-left\"> SCADENZA DOMANDE AMMISSIONE:&nbsp;<strong>15\/01\/2023<\/strong> <\/p>\n\n\n\n<p class=\"has-text-align-left\">SCADENZA DOMANDE IMMATRICOLAZIONE: <strong>19\/02\/2023<\/strong> <\/p>\n\n\n\n<p class=\"has-text-align-left\">INIZIO LEZIONI:&nbsp;<strong>27\/02\/2023<\/strong><br><\/p>\n\n\n\n<p><strong>Istituzione<\/strong><br>\u00c8 istituito, presso la Facolt\u00e0 di Medicina e Chirurgia dell\u2019Universit\u00e0 degli Studi di Roma \u201cTor Vergata\u201d, in convenzione con la Societ\u00e0 Italiana di Psiconeuroendocrinoimmunologia, il Master universitario di I livello in \u201cPsiconeuroendocrinoimmunologia in prevenzione e nutrizione\u201d \u2013 \u201cPsychoneuroendocrinoimmunology in prevention and nutrition\u201d.<br>Il master \u00e8 tenuto in lingua italiana.<br>Il master \u00e8 tenuto in modalit\u00e0 mista e prevede un tirocinio presso la sezione di Nutrizione Clinica e Nutrigenomica dell&#8217;Universit\u00e0 degli Studi di Roma Tor Vergata.<\/p>\n\n\n\n<p><strong>Finalit\u00e0<\/strong><br>L\u2019obiettivo del Master \u00e8 di formare figure professionali che abbiamo specifiche competenze nell\u2019ambito della Psiconeuroendocrinoimmunologia applicate in particolare alla definizione di nuove strategie preventive non farmacologiche centrate sulla nutrizione, la gestione dello stress e sulla promozione di stili di vita salutari.<\/p>\n\n\n\n<p><strong>Requisiti di ammissione<\/strong><br>Il Master \u00e8 rivolto ai professionisti in possesso dei seguenti titoli (verranno valutate anche le equipollenze):<br>Lauree di I livello (ex DM 509\/99 e DM 270\/2004): Dietista L\/SNT3; SNT\/01 e L\/SNT1 Scienze infermieristiche e ostetriche; SNT\/02 e L\/SNT2 Scienze delle professioni sanitarie della riabilitazione; SNT\/03 e L\/SNT3 Scienze delle professioni sanitarie tecniche; SNT\/04 e L\/SNT4 Scienze delle professioni sanitarie della prevenzione, 12 e L-13 Scienze Biologiche; 1 e L-02 Biotecnologie; 29 e L-5 Filosofia, L10 &#8211; Classe delle Lauree In Lettere, 34 e L-24 Scienze e Tecniche Psicologiche, L-33 e L-22 Scienze delle attivit\u00e0\u0300 motorie e sportive.<br>Lauree di II livello (ex DM 509\/99 e DM 270\/2004): Medicina e Chirurgia LM\/41;Scienza della Nutrizione LM\/61, Farmacia e Farmacia Industriale 14\/S e LM-13.<br>Sono ammessi uditori alla frequenza del Master.<br><strong>E&#8217; ammessa la frequenza di singoli insegnamenti.<\/strong><\/p>\n\n\n\n<p><strong>Per le informazioni didattiche gli interessati potranno rivolgersi al Referente della Segreteria Didattica del Master:<\/strong><br>Dott.ssa Giulia Leggeri Tel. 06.7259.6853 email: scuola@scienzaalimentazione.uniroma2.it<\/p>\n\n\n\n<p><strong>Per tutte le informazioni di carattere amministrativo<\/strong>&nbsp;(procedure on-line di ammissione e iscrizione, rilascio certificazioni e pergamene, orari di ricevimento al pubblico, risposte alle domande pi\u00f9 frequenti, ecc.)&nbsp;<strong>consultare la pagina web:<\/strong><br><a href=\"http:\/\/web.uniroma2.it\/module\/name\/Content\/newlang\/italiano\/navpath\/SEG\/section_parent\/5996\">http:\/\/web.uniroma2.it\/module\/name\/Content\/newlang\/italiano\/navpath\/SEG\/section_parent\/5996<\/a><\/p>\n\n\n\n<p class=\"has-text-align-center\"><strong>IL BANDO PER L\u2019 AA 2022\/23 CON LE ISTRUZIONI PER PRESENTARE DOMANDA DI AMMISSIONE AL MASTER <strong>E LA RELATIVA TABELLA ALLEGATA SONO SCARICABILI QUI<\/strong><\/strong> <br> <a href=\"http:\/\/scienzaalimentazione.uniroma2.it\/wp-content\/uploads\/2022\/07\/BANDO_MASTER_E_CdP_aa22_23-1.pdf\">BANDO_MASTER_E_CdP_aa22_23<\/a><\/p>\n\n\n\n<p class=\"has-text-align-center\">&nbsp;<a href=\"http:\/\/scienzaalimentazione.uniroma2.it\/wp-content\/uploads\/2022\/07\/TABELLA-ALL.-BANDO-22_23.pdf\">TABELLA ALLEGATA AL BANDO<\/a> <\/p>\n\n\n\n<p class=\"has-text-align-center\"><strong>LO STATUTO DEL MASTER CON RELATIVO PIANO DIDATTICO E\u2019 SCARICABILE QUI<\/strong> <br> <a href=\"http:\/\/scienzaalimentazione.uniroma2.it\/wp-content\/uploads\/2022\/01\/STATUTO-PNEI-21-22-fr.pdf\">STATUTO-PNEI-22-23-fr<\/a> <\/p>\n\n\n\n<p class=\"has-text-align-center\"><strong>L\u2019ELENCO<\/strong>&nbsp;<strong>DEGLI INSEGNAMENTI<\/strong>&nbsp;<strong>CON BREVE INDICAZIONE DEL PROGRAMMA DIDATTICO E\u2019<\/strong>&nbsp;<strong>SCARICABILE QUI<\/strong>\n<br>\n<a href=\"http:\/\/scienzaalimentazione.uniroma2.it\/wp-content\/uploads\/2022\/01\/Piano-Didattico-Master-PNEI_sintesi.pdf\">Piano Didattico Master PNEI_sintesi<\/a>\n<\/p>\n","protected":false},"excerpt":{"rendered":"<p>Master Universitario di I livello in Psiconeuroendocrinoimmunologia in prevenzione e nutrizione A.A. 2022\/2023 &#8211; Durata 1 anno &#8211; 60 CFU [Scarica Locandina Master] Coordinatore:Prof.ssa Laura Di Renzotel.:&nbsp;+39 06 7259 6855e-mail:&nbsp;laura.di.renzo@uniroma2.it SCADENZA DOMANDE AMMISSIONE:&nbsp;15\/01\/2023 SCADENZA DOMANDE IMMATRICOLAZIONE: 19\/02\/2023 INIZIO LEZIONI:&nbsp;27\/02\/2023 Istituzione\u00c8<\/p>\n","protected":false},"author":1,"featured_media":0,"parent":0,"menu_order":0,"comment_status":"closed","ping_status":"closed","template":"","meta":{"footnotes":""},"class_list":["post-489","page","type-page","status-publish","hentry"],"_links":{"self":[{"href":"https:\/\/scienzaalimentazione.uniroma2.it\/index.php?rest_route=\/wp\/v2\/pages\/489","targetHints":{"allow":["GET"]}}],"collection":[{"href":"https:\/\/scienzaalimentazione.uniroma2.it\/index.php?rest_route=\/wp\/v2\/pages"}],"about":[{"href":"https:\/\/scienzaalimentazione.uniroma2.it\/index.php?rest_route=\/wp\/v2\/types\/page"}],"author":[{"embeddable":true,"href":"https:\/\/scienzaalimentazione.uniroma2.it\/index.php?rest_route=\/wp\/v2\/users\/1"}],"replies":[{"embeddable":true,"href":"https:\/\/scienzaalimentazione.uniroma2.it\/index.php?rest_route=%2Fwp%2Fv2%2Fcomments&post=489"}],"version-history":[{"count":28,"href":"https:\/\/scienzaalimentazione.uniroma2.it\/index.php?rest_route=\/wp\/v2\/pages\/489\/revisions"}],"predecessor-version":[{"id":951,"href":"https:\/\/scienzaalimentazione.uniroma2.it\/index.php?rest_route=\/wp\/v2\/pages\/489\/revisions\/951"}],"wp:attachment":[{"href":"https:\/\/scienzaalimentazione.uniroma2.it\/index.php?rest_route=%2Fwp%2Fv2%2Fmedia&parent=489"}],"curies":[{"name":"wp","href":"https:\/\/api.w.org\/{rel}","templated":true}]}}