 {"id":1261,"date":"2024-11-07T10:13:27","date_gmt":"2024-11-07T10:13:27","guid":{"rendered":"https:\/\/scienzaalimentazione.uniroma2.it\/?page_id=1261"},"modified":"2026-02-18T09:53:03","modified_gmt":"2026-02-18T09:53:03","slug":"master-ii-livello-in-azienda-farmacia-management-e-sicurezza","status":"publish","type":"page","link":"https:\/\/scienzaalimentazione.uniroma2.it\/?page_id=1261","title":{"rendered":"Master II Livello in Esperto in prodotti nutraceutici, integratori e alimenti a fini medici speciali A.A. 2025\/2026"},"content":{"rendered":"\n<p class=\"has-text-align-left\">&nbsp;Master universitario di II livello in \u201cEsperto in prodotti nutraceutici, integratori e alimenti a fini medici speciali\u201d \u2013 \u201cExpert in nutraceutical products, supplements and foods for special medical purposes\u201d<br>Durata 1 anno \u2013 60 CFU<\/p>\n\n\n\n<p><strong>Coordinatore:<br><\/strong>Prof.ssa Paola Gualtieri<br>tel.:\u00a0+39 06 7259.6853<br>e-mail: paola.gualtieri@uniroma2.it<\/p>\n\n\n\n<p>SCADENZA DOMANDE AMMISSIONE:&nbsp;<strong>15\/03\/2026<\/strong><br>SCADENZA DOMANDE IMMATRICOLAZIONE:&nbsp;<strong>19\/04\/2026<\/strong><br>INIZIO LEZIONI:&nbsp;<strong>24\/04\/2026<\/strong><\/p>\n\n\n\n<p>COSTO MASTER: <strong>3.500,00 \u20ac<\/strong> (dettagli rate presenti nella tabella allegata al bando in fondo alla pagina)<\/p>\n\n\n\n<p><strong>Istituzione<\/strong><br>\u00c8 istituito, presso la Facolt\u00e0 di Medicina e Chirurgia dell\u2019Universit\u00e0 degli Studi di Roma \u201cTor Vergata\u201d , il Master universitario di II livello in \u201cAzienda Farmacia: Management e Sicurezza\u201d \u2013 \u201cPharmacy Company: Management and Safety\u201d<br>Il master \u00e8 tenuto in lingua italiana.<\/p>\n\n\n\n<p><strong>Finalit\u00e0<\/strong><br>Le recenti evoluzioni delle normative vigenti relative ai diversi contesti delle farmacie italiane, con il mutare delle dinamiche legislative delle titolarit\u00e0 della Farmacia, pongono sempre pi\u00f9 al centro dell&#8217;attenzione la qualit\u00e0 del Servizio Professionale a tutela della Salute dello cittadino.<br>Nello stesso tempo, se la gestione manageriale dell&#8217;attivit\u00e0 di Farmacia risponde con passo adeguato alle rapide evoluzioni del mercato ed all&#8217;esigenza del paziente, non necessariamente del cliente, l&#8217;esercizio della professione del farmacista si rende indispensabile nel contesto del Sistema Sanitario Nazionale.<br>Il Master intende garantire l&#8217;acquisizione degli strumenti necessari per migliorare la gestione aziendale delle farmacie seguendo un modello innovativo di Business in un sistema in continua evoluzione tramite strategie integrate di Marketing (Merchandising, Geomarketing, Social, E-Commerce).<\/p>\n\n\n\n<p><strong>Requisiti di ammissione<\/strong><br>Per l\u2019accesso al Master \u00e8 richiesto il possesso di uno dei seguenti titoli:<br>Laurea specialistica o magistrale o del vecchio ordinamento nelle seguenti discipline:<br>Farmacia e Farmacia industriale (LM-13 e 14\/S).<br>\u00c8 ammessa l\u2019iscrizione di studenti extracomunitari residenti in Italia con regolare permesso di soggiorno per motivi di lavoro o di studio.<br>L&#8217;iscrizione degli studenti stranieri extracomunitari residenti all&#8217;estero \u00e8 regolata dalle norme vigenti.<br>Il titolo di studio conseguito all\u2019estero dovr\u00e0 essere corredato di attestato CIMEA.<br>Il titolo di accesso deve essere posseduto al momento dell&#8217;immatricolazione, prima dell\u2019avvio delle attivit\u00e0 formative.<br>Sono ammessi uditori alla frequenza del Master.<br>E&#8217; ammessa la frequenza di singoli insegnamenti.<\/p>\n\n\n\n<p><strong>Per le informazioni didattiche gli interessati potranno rivolgersi ai seguenti contatti:<\/strong><br>Tel. 06.7259.6852 email: scuola@scienzaalimentazione.uniroma2.it<\/p>\n\n\n\n<p><strong>Per tutte le informazioni di carattere amministrativo<\/strong>&nbsp;(procedure on-line di ammissione e iscrizione, rilascio certificazioni e pergamene, orari di ricevimento al pubblico, risposte alle domande pi\u00f9 frequenti, ecc.)&nbsp;<strong>consultare la pagina web:<\/strong><br><a href=\"http:\/\/web.uniroma2.it\/module\/name\/Content\/newlang\/italiano\/navpath\/SEG\/section_parent\/5996\">http:\/\/web.uniroma2.it\/module\/name\/Content\/newlang\/italiano\/navpath\/SEG\/section_parent\/5996<\/a><\/p>\n\n\n\n<p class=\"has-text-align-center\"><strong>IL BANDO PER L\u2019 AA 2025\/26 CON LE ISTRUZIONI PER PRESENTARE DOMANDA DI AMMISSIONE AL MASTER&nbsp;&nbsp;E LA RELATIVA TABELLA ALLEGATA SONO SCARICABILI QUI<\/strong><br><a href=\"https:\/\/web.uniroma2.it\/it\/percorso\/offerta_formativa\/sezione\/bando_master_e_corsi_di_perfezionamento\">https:\/\/web.uniroma2.it\/it\/percorso\/offerta_formativa\/sezione\/bando_master_e_corsi_di_perfezionamento<\/a><\/p>\n\n\n\n<p class=\"has-text-align-center\"><strong>LO STATUTO DEL MASTER CON RELATIVO PIANO DIDATTICO E\u2019 SCARICABILE QUI<\/strong><br><a href=\"https:\/\/web.uniroma2.it\/allegato\/56267\/contenuto\/esperto-in-prodotti-nutraceutici-integratori-e-alimenti-a-fini-medici-speciali-expert-in-nutraceutical-products-supplements-and-foods-for-special-medi\">Statuto Master Esperto in prodotti nutraceutici<\/a><br><a href=\"https:\/\/web.uniroma2.it\/allegato\/56268\/contenuto\/esperto-in-prodotti-nutraceutici-integratori-e-alimenti-a-fini-medici-speciali-expert-in-nutraceutical-products-supplements-and-foods-for-special-medi\">Allegato A<\/a><\/p>\n\n\n\n<p><\/p>\n","protected":false},"excerpt":{"rendered":"<p>&nbsp;Master universitario di II livello in \u201cEsperto in prodotti nutraceutici, integratori e alimenti a fini medici speciali\u201d \u2013 \u201cExpert in nutraceutical products, supplements and foods for special medical purposes\u201dDurata 1 anno \u2013 60 CFU Coordinatore:Prof.ssa Paola Gualtieritel.:\u00a0+39 06 7259.6853e-mail: paola.gualtieri@uniroma2.it<\/p>\n","protected":false},"author":1,"featured_media":0,"parent":0,"menu_order":0,"comment_status":"closed","ping_status":"closed","template":"","meta":{"footnotes":""},"class_list":["post-1261","page","type-page","status-publish","hentry"],"_links":{"self":[{"href":"https:\/\/scienzaalimentazione.uniroma2.it\/index.php?rest_route=\/wp\/v2\/pages\/1261","targetHints":{"allow":["GET"]}}],"collection":[{"href":"https:\/\/scienzaalimentazione.uniroma2.it\/index.php?rest_route=\/wp\/v2\/pages"}],"about":[{"href":"https:\/\/scienzaalimentazione.uniroma2.it\/index.php?rest_route=\/wp\/v2\/types\/page"}],"author":[{"embeddable":true,"href":"https:\/\/scienzaalimentazione.uniroma2.it\/index.php?rest_route=\/wp\/v2\/users\/1"}],"replies":[{"embeddable":true,"href":"https:\/\/scienzaalimentazione.uniroma2.it\/index.php?rest_route=%2Fwp%2Fv2%2Fcomments&post=1261"}],"version-history":[{"count":20,"href":"https:\/\/scienzaalimentazione.uniroma2.it\/index.php?rest_route=\/wp\/v2\/pages\/1261\/revisions"}],"predecessor-version":[{"id":1567,"href":"https:\/\/scienzaalimentazione.uniroma2.it\/index.php?rest_route=\/wp\/v2\/pages\/1261\/revisions\/1567"}],"wp:attachment":[{"href":"https:\/\/scienzaalimentazione.uniroma2.it\/index.php?rest_route=%2Fwp%2Fv2%2Fmedia&parent=1261"}],"curies":[{"name":"wp","href":"https:\/\/api.w.org\/{rel}","templated":true}]}}